{"id":51,"date":"2021-02-05T09:27:27","date_gmt":"2021-02-05T08:27:27","guid":{"rendered":"http:\/\/www.lauperath.de\/?page_id=51"},"modified":"2021-02-05T09:27:28","modified_gmt":"2021-02-05T08:27:28","slug":"gemeindewappen","status":"publish","type":"page","link":"http:\/\/www.lauperath.de\/?page_id=51","title":{"rendered":"Gemeindewappen"},"content":{"rendered":"\n<div class=\"wp-block-image\"><figure class=\"alignright size-large\"><img loading=\"lazy\" decoding=\"async\" width=\"120\" height=\"129\" src=\"http:\/\/www.lauperath.de\/wp-content\/uploads\/2021\/02\/Wappen.gif\" alt=\"Wappen der Ortsgemeinde Lauperath\" class=\"wp-image-47\"\/><\/figure><\/div>\n\n\n\n<p><strong>Wappenbeschreibung:<\/strong><\/p>\n\n\n\n<p>\u201eIn Blau, unter silbernem Schildhaupt, belegt mit vier kleinen zwischen zwei gr\u00f6\u00dferen roten Schildchen, ein goldener Kelch, begleitet von einem goldenen Hochkreuz und einem goldenem Anker\u201c<\/p>\n\n\n\n<p><strong>Wappenbegr\u00fcndung:<\/strong><\/p>\n\n\n\n<p>Silber und Rot (Schildhaupt und Schildchen) sind die Farben der Abtei Pr\u00fcm, von welcher der Ansto\u00df zur Gr\u00fcndung des Ortes zu Beginn des 12. Jahrhunderts erfolgte; es sind auch die Farben der zeitweiligen Herrschaft \u00d6sterreichs. Gew\u00e4hlt wurde f\u00fcr den Schild Blau, um an die Herrschaft Luxemburgs und der Niederlande zu erinnern. Die Figuren im Schild zeigen die Attribute der hl. drei Jungfrauen: das Kreuz f\u00fcr Fides, den Kelch f\u00fcr Caritas und den Anker f\u00fcr Spes.<\/p>\n\n\n\n<p>Die Gemeinde ist heute eine Streusiedlung mit zwei gr\u00f6\u00dferen und vier kleineren Ansiedlungen: Lauperath und Scheidchen, sowie die Geh\u00f6ftgruppe Kop und die Einzelh\u00f6fe Berscheider Hof, Scheuerbaum und Reuschenhof. Die Schildchen im Schildhaupt weisen auf die sechs einzelnen Ansiedlungen hin.<\/p>\n\n\n\n<p><em>Das Wappen wurde von Dr. Christian Credner aus Lambertsberg entworfen. Der Ortsgemeinde Lauperath wurde am 22. Mai 2006 die Genehmigung zur F\u00fchrung eines Gemeindewappens durch die Kommunalaufsicht der Kreisverwaltung Bitburg-Pr\u00fcm erteilt.<\/em><\/p>\n","protected":false},"excerpt":{"rendered":"<p>Wappenbeschreibung: \u201eIn Blau, unter silbernem Schildhaupt, belegt mit vier kleinen zwischen zwei gr\u00f6\u00dferen roten Schildchen, ein goldener Kelch, begleitet von einem goldenen Hochkreuz und einem goldenem Anker\u201c Wappenbegr\u00fcndung: Silber und Rot (Schildhaupt und Schildchen) sind die Farben der Abtei Pr\u00fcm,<\/p>\n","protected":false},"author":1,"featured_media":0,"parent":0,"menu_order":0,"comment_status":"closed","ping_status":"closed","template":"","meta":{"footnotes":""},"class_list":["post-51","page","type-page","status-publish","hentry"],"_links":{"self":[{"href":"http:\/\/www.lauperath.de\/index.php?rest_route=\/wp\/v2\/pages\/51","targetHints":{"allow":["GET"]}}],"collection":[{"href":"http:\/\/www.lauperath.de\/index.php?rest_route=\/wp\/v2\/pages"}],"about":[{"href":"http:\/\/www.lauperath.de\/index.php?rest_route=\/wp\/v2\/types\/page"}],"author":[{"embeddable":true,"href":"http:\/\/www.lauperath.de\/index.php?rest_route=\/wp\/v2\/users\/1"}],"replies":[{"embeddable":true,"href":"http:\/\/www.lauperath.de\/index.php?rest_route=%2Fwp%2Fv2%2Fcomments&post=51"}],"version-history":[{"count":1,"href":"http:\/\/www.lauperath.de\/index.php?rest_route=\/wp\/v2\/pages\/51\/revisions"}],"predecessor-version":[{"id":52,"href":"http:\/\/www.lauperath.de\/index.php?rest_route=\/wp\/v2\/pages\/51\/revisions\/52"}],"wp:attachment":[{"href":"http:\/\/www.lauperath.de\/index.php?rest_route=%2Fwp%2Fv2%2Fmedia&parent=51"}],"curies":[{"name":"wp","href":"https:\/\/api.w.org\/{rel}","templated":true}]}}